{"id":7561,"date":"2020-11-22T20:03:44","date_gmt":"2020-11-22T19:03:44","guid":{"rendered":"http:\/\/santjaumeturisme.cat\/el-mapa-de-sant-jaume\/"},"modified":"2020-11-22T20:03:47","modified_gmt":"2020-11-22T19:03:47","slug":"el-mapa-de-sant-jaume","status":"publish","type":"page","link":"https:\/\/www.santjaumeturisme.cat\/es\/el-mapa-de-sant-jaume\/","title":{"rendered":"El mapa de Sant Jaume"},"content":{"rendered":"<p>[vc_row][vc_column][vc_single_image image=&#8221;5327&#8243; img_size=&#8221;full&#8221; alignment=&#8221;center&#8221; onclick=&#8221;img_link_large&#8221;][vc_single_image image=&#8221;5328&#8243; img_size=&#8221;full&#8221; alignment=&#8221;center&#8221; onclick=&#8221;img_link_large&#8221;][\/vc_column][\/vc_row][vc_row][vc_column][vc_column_text]<\/p>\n<h5>Sant Jaume se extiende al borde del Ebro, dispone de dos gran calles principales donde se encuentran la mayor\u00eda de los comercios y servicios del pueblo. En el mapa tur\u00edstico que se puede descargar encontrar\u00e1 toda la informaci\u00f3n del municipio, adem\u00e1s de la del n\u00facleo de Balada y de Els Muntells. Una informaci\u00f3n pr\u00e1ctica con todos los servicios que le ayudar\u00e1 a sacar el mejor partido de su visita y disfrutar de todos los alicientes del pueblo.<\/h5>\n<h3 style=\"text-align: center;\">Sant Jaume dispone de 60 alojamientos rodeados de los mejores paisajes del Delta del Ebro, varios restaurantes de cocina deltaica y todo tipo de comercios que har\u00e1n que su estancia sea inolvidable.<\/h3>\n<p>[\/vc_column_text][vc_empty_space][\/vc_column][\/vc_row][vc_row][vc_column width=&#8221;1\/3&#8243;][vc_btn title=&#8221;Restaurantes&#8221; color=&#8221;green&#8221; size=&#8221;lg&#8221; align=&#8221;center&#8221; link=&#8221;url:http%3A%2F%2Fsantjaumeturisme.cat%2Frestaurant%2F|&#8221;][\/vc_column][vc_column width=&#8221;1\/3&#8243;][vc_btn title=&#8221;Alojamientos&#8221; color=&#8221;green&#8221; size=&#8221;lg&#8221; align=&#8221;center&#8221; link=&#8221;url:http%3A%2F%2Fsantjaumeturisme.cat%2Fallotjament%2F|&#8221;][\/vc_column][vc_column width=&#8221;1\/3&#8243;][vc_btn title=&#8221;Comercios&#8221; color=&#8221;green&#8221; size=&#8221;lg&#8221; link=&#8221;url:http%3A%2F%2Fsantjaumeturisme.cat%2Fnegoci%2F|&#8221;][\/vc_column][\/vc_row][vc_row][vc_column][vc_empty_space][\/vc_column][\/vc_row]<\/p>\n","protected":false},"excerpt":{"rendered":"<p>[vc_row][vc_column][vc_single_image image=&#8221;5327&#8243; img_size=&#8221;full&#8221; alignment=&#8221;center&#8221; onclick=&#8221;img_link_large&#8221;][vc_single_image image=&#8221;5328&#8243; img_size=&#8221;full&#8221; alignment=&#8221;center&#8221; onclick=&#8221;img_link_large&#8221;][\/vc_column][\/vc_row][vc_row][vc_column][vc_column_text] Sant Jaume se extiende al borde del Ebro, dispone de dos gran calles principales donde se encuentran la mayor\u00eda de los comercios y servicios del pueblo. En el mapa tur\u00edstico que se puede descargar encontrar\u00e1 toda la informaci\u00f3n del municipio, adem\u00e1s de la del n\u00facleo de &hellip;<\/p>\n<p class=\"read-more\"> <a class=\"\" href=\"https:\/\/www.santjaumeturisme.cat\/es\/el-mapa-de-sant-jaume\/\"> <span class=\"screen-reader-text\">El mapa de Sant Jaume<\/span> Leer m\u00e1s &raquo;<\/a><\/p>\n","protected":false},"author":2,"featured_media":0,"parent":0,"menu_order":0,"comment_status":"closed","ping_status":"closed","template":"","meta":[],"_links":{"self":[{"href":"https:\/\/www.santjaumeturisme.cat\/es\/wp-json\/wp\/v2\/pages\/7561"}],"collection":[{"href":"https:\/\/www.santjaumeturisme.cat\/es\/wp-json\/wp\/v2\/pages"}],"about":[{"href":"https:\/\/www.santjaumeturisme.cat\/es\/wp-json\/wp\/v2\/types\/page"}],"author":[{"embeddable":true,"href":"https:\/\/www.santjaumeturisme.cat\/es\/wp-json\/wp\/v2\/users\/2"}],"replies":[{"embeddable":true,"href":"https:\/\/www.santjaumeturisme.cat\/es\/wp-json\/wp\/v2\/comments?post=7561"}],"version-history":[{"count":7,"href":"https:\/\/www.santjaumeturisme.cat\/es\/wp-json\/wp\/v2\/pages\/7561\/revisions"}],"predecessor-version":[{"id":7568,"href":"https:\/\/www.santjaumeturisme.cat\/es\/wp-json\/wp\/v2\/pages\/7561\/revisions\/7568"}],"wp:attachment":[{"href":"https:\/\/www.santjaumeturisme.cat\/es\/wp-json\/wp\/v2\/media?parent=7561"}],"curies":[{"name":"wp","href":"https:\/\/api.w.org\/{rel}","templated":true}]}}