{"id":7569,"date":"2020-11-22T20:06:37","date_gmt":"2020-11-22T19:06:37","guid":{"rendered":"http:\/\/santjaumeturisme.cat\/la-carte-de-sant-jaume\/"},"modified":"2020-11-22T20:06:38","modified_gmt":"2020-11-22T19:06:38","slug":"la-carte-de-sant-jaume","status":"publish","type":"page","link":"https:\/\/www.santjaumeturisme.cat\/fr\/la-carte-de-sant-jaume\/","title":{"rendered":"La carte de Sant Jaume"},"content":{"rendered":"<p>[vc_row][vc_column][vc_single_image image=&#8221;3683&#8243; img_size=&#8221;full&#8221; alignment=&#8221;center&#8221; onclick=&#8221;img_link_large&#8221;][vc_single_image image=&#8221;3684&#8243; img_size=&#8221;full&#8221; alignment=&#8221;center&#8221; onclick=&#8221;img_link_large&#8221;][\/vc_column][\/vc_row][vc_row][vc_column][vc_column_text]<\/p>\n<h4>Sant Jaume s&#8217;\u00e9tend au bord de l&#8217;Ebre, poss\u00e8de deux rues principales o\u00f9 se trouvent la plupart des commerces et des services du village. Dans la carte touristique que vous pouvez t\u00e9l\u00e9charger, vous trouverez toutes les informations de la municipalit\u00e9, en plus des informations du noyau de Balada et de Els Muntells. Des informations pratiques avec tous les services qui vous aideront \u00e0 profiter au maximum de votre visite et \u00e0 profiter de tous les attraits du village.<\/h4>\n<h3 style=\"text-align: center;\">\nSant Jaume compte 60 logements entour\u00e9s des meilleurs paysages du delta de l&#8217;\u00c8bre, plusieurs restaurants de cuisine du delta et toutes sortes de magasins qui rendront votre s\u00e9jour inoubliable.<\/h3>\n<p>[\/vc_column_text][vc_empty_space][\/vc_column][\/vc_row][vc_row][vc_column width=&#8221;1\/3&#8243;][vc_btn title=&#8221;Restaurants&#8221; color=&#8221;green&#8221; size=&#8221;lg&#8221; align=&#8221;center&#8221; link=&#8221;url:http%3A%2F%2Fsantjaumeturisme.cat%2Frestaurant%2F|&#8221;][\/vc_column][vc_column width=&#8221;1\/3&#8243;][vc_btn title=&#8221;Logements&#8221; color=&#8221;green&#8221; size=&#8221;lg&#8221; align=&#8221;center&#8221; link=&#8221;url:http%3A%2F%2Fsantjaumeturisme.cat%2Fallotjament%2F|&#8221;][\/vc_column][vc_column width=&#8221;1\/3&#8243;][vc_btn title=&#8221;Magasins&#8221; color=&#8221;green&#8221; size=&#8221;lg&#8221; link=&#8221;url:http%3A%2F%2Fsantjaumeturisme.cat%2Fnegoci%2F|&#8221;][\/vc_column][\/vc_row][vc_row][vc_column][vc_empty_space][\/vc_column][\/vc_row]<\/p>\n","protected":false},"excerpt":{"rendered":"<p>[vc_row][vc_column][vc_single_image image=&#8221;3683&#8243; img_size=&#8221;full&#8221; alignment=&#8221;center&#8221; onclick=&#8221;img_link_large&#8221;][vc_single_image image=&#8221;3684&#8243; img_size=&#8221;full&#8221; alignment=&#8221;center&#8221; onclick=&#8221;img_link_large&#8221;][\/vc_column][\/vc_row][vc_row][vc_column][vc_column_text] Sant Jaume s&#8217;\u00e9tend au bord de l&#8217;Ebre, poss\u00e8de deux rues principales o\u00f9 se trouvent la plupart des commerces et des services du village. Dans la carte touristique que vous pouvez t\u00e9l\u00e9charger, vous trouverez toutes les informations de la municipalit\u00e9, en plus des informations du noyau de &hellip;<\/p>\n<p class=\"read-more\"> <a class=\"\" href=\"https:\/\/www.santjaumeturisme.cat\/fr\/la-carte-de-sant-jaume\/\"> <span class=\"screen-reader-text\">La carte de Sant Jaume<\/span> Lire la suite\u00a0\u00bb<\/a><\/p>\n","protected":false},"author":2,"featured_media":0,"parent":0,"menu_order":0,"comment_status":"closed","ping_status":"closed","template":"","meta":[],"_links":{"self":[{"href":"https:\/\/www.santjaumeturisme.cat\/fr\/wp-json\/wp\/v2\/pages\/7569"}],"collection":[{"href":"https:\/\/www.santjaumeturisme.cat\/fr\/wp-json\/wp\/v2\/pages"}],"about":[{"href":"https:\/\/www.santjaumeturisme.cat\/fr\/wp-json\/wp\/v2\/types\/page"}],"author":[{"embeddable":true,"href":"https:\/\/www.santjaumeturisme.cat\/fr\/wp-json\/wp\/v2\/users\/2"}],"replies":[{"embeddable":true,"href":"https:\/\/www.santjaumeturisme.cat\/fr\/wp-json\/wp\/v2\/comments?post=7569"}],"version-history":[{"count":2,"href":"https:\/\/www.santjaumeturisme.cat\/fr\/wp-json\/wp\/v2\/pages\/7569\/revisions"}],"predecessor-version":[{"id":7571,"href":"https:\/\/www.santjaumeturisme.cat\/fr\/wp-json\/wp\/v2\/pages\/7569\/revisions\/7571"}],"wp:attachment":[{"href":"https:\/\/www.santjaumeturisme.cat\/fr\/wp-json\/wp\/v2\/media?parent=7569"}],"curies":[{"name":"wp","href":"https:\/\/api.w.org\/{rel}","templated":true}]}}